{"id":25,"date":"2015-03-01T17:45:15","date_gmt":"2015-03-01T17:45:15","guid":{"rendered":"http:\/\/www.elexent.com\/V2\/?page_id=25"},"modified":"2016-11-09T17:19:37","modified_gmt":"2016-11-09T17:19:37","slug":"publications","status":"publish","type":"page","link":"http:\/\/www.elexent.com\/en\/publications\/","title":{"rendered":"Publications"},"content":{"rendered":"<p><a href=\"http:\/\/www.lefigaro.fr\/vox\/politique\/2016\/11\/08\/31001-20161108ARTFIG00340-faillite-des-elites-a-quand-un-pilote-dans-l-avion.php\" target=\"_blank\">&#8220;Faillite des \u00e9lites\u00a0: \u00e0 quand un pilote dans l&#8217;avion\u00a0?&#8221;,\u00a0 Le Figaro, 8 novembre 2016<\/a><\/p>\n<p><a href=\"http:\/\/www.elexent.com\/wp-content\/uploads\/2015\/03\/Surtravail.pdf\">&#8220;Temps partiel pour les uns, \u00absurtravail \u00bbpour les autres&#8221;, Le Monde, 8 janvier 2016<\/a><\/p>\n<p>Magna Mater Financiae, Editions Studyrama, 2013<span style=\"text-decoration: underline;\"><a href=\"http:\/\/www.veroniquenguyen.com\/wp-content\/uploads\/2013\/07\/E281_p15-18-CDG.pdf\">. <\/a><\/span><\/p>\n<p><a href=\"http:\/\/www.elexent.com\/wp-content\/uploads\/2015\/03\/Echanges2010.pdf\">\u00ab Enqu\u00eate HEC-DFCG \u2013 Contr\u00f4leurs de gestion, entre performance et frustration \u00bb, Echanges, novembre 2010.<\/a><\/p>\n<p><a href=\"http:\/\/www.elexent.com\/wp-content\/uploads\/2015\/12\/Perso509-P.042-Management.pdf\">\u00ab Les limites du management par les chiffres \u00bb, Personnel, mai 2010.<\/a><\/p>\n<p><a href=\"http:\/\/www.elexent.com\/wp-content\/uploads\/2015\/03\/PersonnelNovembre09.pdf\">\u00ab La Prise de r\u00e9f\u00e9rences \u2013 Enqu\u00eate sur une pratique s\u00e9culaire \u00bb, Personnel, Novembre 2009.<\/a><\/p>\n<p><a href=\"http:\/\/www.elexent.com\/wp-content\/uploads\/2015\/03\/Personnel-septembre09.pdf\">\u00ab Mobilit\u00e9 g\u00e9ographique et inter-entreprises \u2013 Les pr\u00e9f\u00e9rences des cadres fran\u00e7ais \u00bb, Personnel, Ao\u00fbt-Septembre 2009.<\/a><\/p>\n<p><a href=\"http:\/\/www.latribune.fr\/journal\/archives\/edition-du-0109\/edito-et-opinions\/258876\/travail-la-loyaute-en-pointille-.html\" target=\"_blank\">\u00ab\u00a0Les nouvelles formes de fid\u00e9lit\u00e9 au travail : la loyaut\u00e9 en pointill\u00e9\u00bb, La Tribune, 1er septembre 2009, Latribune.fr, 31 ao\u00fbt 2009<\/a><\/p>\n<p><a href=\"http:\/\/www.elexent.com\/wp-content\/uploads\/2015\/03\/EchosMobilit\u00e9.pdf\">\u00ab Mobilit\u00e9 des cadres : les paradoxes \u00bb, Les Echos, 25 ao\u00fbt 2009.<\/a><\/p>\n<p><a href=\"http:\/\/www.elexent.com\/wp-content\/uploads\/2015\/03\/RHM.pdf\">\u00ab Recruter un jeune dipl\u00f4m\u00e9 de grande \u00e9cole \u00bb, RH&amp;M, n\u00b031, octobre 2008.<\/a><\/p>\n<p><a href=\"http:\/\/www.elexent.com\/wp-content\/uploads\/2015\/03\/Echos_Seniors.pdf\">\u00ab Le tabou du salaire des seniors \u00bb, Les Echos, 6 ao\u00fbt 2008.<\/a><\/p>\n<p><a href=\"http:\/\/www.elexent.com\/wp-content\/uploads\/2015\/03\/TRIBUNE_10102007.pdf\">\u00abL\u2019humain crit\u00e8re cl\u00e9 du capital-risque \u00bb, La Tribune, 10 octobre 2007.<\/a><\/p>\n","protected":false},"excerpt":{"rendered":"<p>&#8220;Faillite des \u00e9lites\u00a0: \u00e0 quand un pilote dans l&#8217;avion\u00a0?&#8221;,\u00a0 Le Figaro, 8 novembre 2016 &#8220;Temps partiel pour les uns, \u00absurtravail \u00bbpour les autres&#8221;, Le Monde, 8 janvier 2016 Magna Mater Financiae, Editions Studyrama, 2013. \u00ab Enqu\u00eate HEC-DFCG \u2013 Contr\u00f4leurs de gestion, entre performance et frustration&#8230;<\/p>\n","protected":false},"author":1,"featured_media":0,"parent":0,"menu_order":0,"comment_status":"open","ping_status":"open","template":"","meta":[],"_links":{"self":[{"href":"http:\/\/www.elexent.com\/en\/wp-json\/wp\/v2\/pages\/25"}],"collection":[{"href":"http:\/\/www.elexent.com\/en\/wp-json\/wp\/v2\/pages"}],"about":[{"href":"http:\/\/www.elexent.com\/en\/wp-json\/wp\/v2\/types\/page"}],"author":[{"embeddable":true,"href":"http:\/\/www.elexent.com\/en\/wp-json\/wp\/v2\/users\/1"}],"replies":[{"embeddable":true,"href":"http:\/\/www.elexent.com\/en\/wp-json\/wp\/v2\/comments?post=25"}],"version-history":[{"count":23,"href":"http:\/\/www.elexent.com\/en\/wp-json\/wp\/v2\/pages\/25\/revisions"}],"predecessor-version":[{"id":836,"href":"http:\/\/www.elexent.com\/en\/wp-json\/wp\/v2\/pages\/25\/revisions\/836"}],"wp:attachment":[{"href":"http:\/\/www.elexent.com\/en\/wp-json\/wp\/v2\/media?parent=25"}],"curies":[{"name":"wp","href":"https:\/\/api.w.org\/{rel}","templated":true}]}}